{"id":1501,"date":"2021-09-21T09:01:07","date_gmt":"2021-09-21T09:01:07","guid":{"rendered":"https:\/\/www.osteosanders.be\/?page_id=1501"},"modified":"2025-12-19T09:30:02","modified_gmt":"2025-12-19T09:30:02","slug":"hoe-verloopt-een-consultatie","status":"publish","type":"page","link":"https:\/\/www.osteosanders.be\/?page_id=1501","title":{"rendered":"Hoe verloopt een consultatie?"},"content":{"rendered":"<ul>\n<li>Anamnese = vraaggesprek<span class=\"Apple-converted-space\">\u00a0<\/span><\/li>\n<\/ul>\n<p>Bij de eerste consulatie zal uw osteopaat een uitgebreide anamnese (vraaggesprek) met u aangenaam, aangaande de klacht maar eveneens de (medische) voorgeschiedenis van de pati\u00ebnt.<\/p>\n<ul>\n<li>Onderzoek<span class=\"Apple-converted-space\">\u00a0<\/span><\/li>\n<\/ul>\n<p>Uw osteopaat gaat over tot onderzoek van het gehele lichaam. Hij\/zij gaat opzoek naar mogelijke spanningen ter hoogte van spieren, bindweefsel alsook bewegingsverliezen ter hoogte van het skeletale stelsel.<span class=\"Apple-converted-space\">\u00a0<\/span><\/p>\n<p>Onderzoek en behandeling gebeuren in ondergoed. Indien dit voor u ongemakkelijk is, mag u een sportshort\/legging meebrengen.<span class=\"Apple-converted-space\">\u00a0<\/span><\/p>\n<ul>\n<li>Behandeling <span class=\"Apple-converted-space\">\u00a0<\/span><\/li>\n<\/ul>\n<p>De spanningen\/bewegingsverliezen worden tijdens de behandeling opgeheven door een uitgebreid arsenaal aan technieken (mobilisatie, fasciale technieken, manipulaties, etc.)<span class=\"Apple-converted-space\">\u00a0 <\/span>aangepast aan de klacht, pati\u00ebnt en gevonden bewegingsverliezen\/spanningen.<span class=\"Apple-converted-space\">\u00a0<\/span><\/p>\n<p>Het aantal behandelingen is zeer moeilijk te voorspellen. Dit is afhankelijk van de aard van de klacht, verschillend van pati\u00ebnt tot pati\u00ebnt. Bij elke behandeling worden de klachten ge\u00ebvalueerd en gekeken of het nodig is op een vervolgbehandeling in te plannen.<span class=\"Apple-converted-space\">\u00a0<\/span><\/p>\n<p>Onderzoek en behandeling gebeuren in ondergoed. Indien dit voor u ongemakkelijk is, mag u een sportshort\/legging meebrengen.<\/p>\n<ul>\n<li>Terugbetaling<span class=\"Apple-converted-space\">\u00a0<\/span><\/li>\n<\/ul>\n<p>U heeft geen doorverwijzing van een arts nodig op een osteopaat te consulteren. Na behandeling ontvangt u een attest dat u kan binnenbrengen bij uw ziekenfonds. Afhankelijk van uw ziekenfonds wordt<span class=\"Apple-converted-space\">\u00a0 <\/span>een bepaald bedrag van een x aantal beurten terugbetaald.<span class=\"Apple-converted-space\">\u00a0<\/span><\/p>\n<p>Een consultatie duurt 1uur, en kost \u20ac65.<span class=\"Apple-converted-space\">\u00a0<\/span><\/p>\n<ul>\n<li>Afspraak maken<\/li>\n<\/ul>\n<p>Daar de behandelingen niet te verstoren en een continu\u00efteit in zorg te vrijwaren beantwoord ik geen telefoons tijdens de consultaties. U mag steeds een bericht nalaten (naam, telefoonnummer, reden) en ik contacteer u zo snel mogelijk.<span class=\"Apple-converted-space\">\u00a0<\/span><\/p>\n<p>Kijk zeker je inbox of spam na bij het maken van een online afspraak, u dient steeds een bevestigingsmail te ontvangen. Is dit niet het geval, dan is je afspraak niet ingeboekt. Probeer opnieuw of neem telefonisch contact op.<span class=\"Apple-converted-space\">\u00a0<\/span><\/p>\n<p>Annulatie? Gelieve dit 24u op voorhand online de afspraak te annuleren (dit kan via de annulatie knop in de bevestigingsmail) of door telefonisch te verwittigen. Zo niet wordt de voor u voorziene tijd in rekening gebracht.<\/p>\n","protected":false},"excerpt":{"rendered":"<p>Anamnese = vraaggesprek\u00a0 Bij de eerste consulatie zal uw osteopaat een uitgebreide anamnese (vraaggesprek) met u aangenaam, aangaande de klacht maar eveneens de (medische) voorgeschiedenis van de pati\u00ebnt. Onderzoek\u00a0 Uw &#8230;<\/p>\n","protected":false},"author":1,"featured_media":0,"parent":0,"menu_order":0,"comment_status":"closed","ping_status":"closed","template":"template-fullwidth.php","meta":{"footnotes":""},"class_list":["post-1501","page","type-page","status-publish","hentry"],"_links":{"self":[{"href":"https:\/\/www.osteosanders.be\/index.php?rest_route=\/wp\/v2\/pages\/1501","targetHints":{"allow":["GET"]}}],"collection":[{"href":"https:\/\/www.osteosanders.be\/index.php?rest_route=\/wp\/v2\/pages"}],"about":[{"href":"https:\/\/www.osteosanders.be\/index.php?rest_route=\/wp\/v2\/types\/page"}],"author":[{"embeddable":true,"href":"https:\/\/www.osteosanders.be\/index.php?rest_route=\/wp\/v2\/users\/1"}],"replies":[{"embeddable":true,"href":"https:\/\/www.osteosanders.be\/index.php?rest_route=%2Fwp%2Fv2%2Fcomments&post=1501"}],"version-history":[{"count":7,"href":"https:\/\/www.osteosanders.be\/index.php?rest_route=\/wp\/v2\/pages\/1501\/revisions"}],"predecessor-version":[{"id":2019,"href":"https:\/\/www.osteosanders.be\/index.php?rest_route=\/wp\/v2\/pages\/1501\/revisions\/2019"}],"wp:attachment":[{"href":"https:\/\/www.osteosanders.be\/index.php?rest_route=%2Fwp%2Fv2%2Fmedia&parent=1501"}],"curies":[{"name":"wp","href":"https:\/\/api.w.org\/{rel}","templated":true}]}}