{"id":1840,"date":"2021-12-07T08:59:14","date_gmt":"2021-12-07T08:59:14","guid":{"rendered":"https:\/\/www.osteosanders.be\/?page_id=1840"},"modified":"2021-12-07T08:59:14","modified_gmt":"2021-12-07T08:59:14","slug":"losteopathie-au-service-des-femmes-enceintes","status":"publish","type":"page","link":"https:\/\/www.osteosanders.be\/?page_id=1840","title":{"rendered":"L&#8217;ost\u00e9opathie au service des femmes enceintes"},"content":{"rendered":"\n<p>Le mode de pens\u00e9e holistique de l&#8217;ost\u00e9opathie reste inchang\u00e9 lors du traitement d&#8217;une femme enceinte. On ne traite donc pas une structure, mais la femme enti\u00e8re, y compris le petit miracle dans son ventre ! Un esprit \u00e9quilibr\u00e9 dans un corps \u00e9quilibr\u00e9 assurera non seulement la tranquillit\u00e9 d&#8217;esprit de la femme enceinte, mais aussi un bon d\u00e9veloppement du f\u0153tus !<\/p>\n\n\n\n<p>Pendant la grossesse, la posture de la femme change plusieurs fois. Cela signifie que les courbes de la colonne vert\u00e9brale, du cou et la position du bassin changent profond\u00e9ment \u00e0 chaque fois. Par cons\u00e9quent, le corps de la femme doit \u00eatre flexible afin de pouvoir subir ces changements. D&#8217;anciens blocages, des cicatrices, des traumatismes, des muscles tendus, etc. peuvent \u00eatre \u00e0 l&#8217;origine du fait que ces changements ne peuvent se faire en douceur. Ainsi, nous voyons surgir des plaintes telles que :<\/p>\n\n\n\n<div class=\"wp-block-media-text alignwide is-stacked-on-mobile is-image-fill\"><figure class=\"wp-block-media-text__media\" style=\"background-image:url(https:\/\/www.osteosanders.be\/wp-content\/uploads\/2021\/11\/Gwendolyn-19-scaled.jpg);background-position:50% 50%\"><img loading=\"lazy\" decoding=\"async\" width=\"2048\" height=\"2560\" src=\"https:\/\/www.osteosanders.be\/wp-content\/uploads\/2021\/11\/Gwendolyn-19-scaled.jpg\" alt=\"\" class=\"wp-image-1635 size-full\" srcset=\"https:\/\/www.osteosanders.be\/wp-content\/uploads\/2021\/11\/Gwendolyn-19-scaled.jpg 2048w, https:\/\/www.osteosanders.be\/wp-content\/uploads\/2021\/11\/Gwendolyn-19-240x300.jpg 240w, https:\/\/www.osteosanders.be\/wp-content\/uploads\/2021\/11\/Gwendolyn-19-819x1024.jpg 819w, https:\/\/www.osteosanders.be\/wp-content\/uploads\/2021\/11\/Gwendolyn-19-768x960.jpg 768w, https:\/\/www.osteosanders.be\/wp-content\/uploads\/2021\/11\/Gwendolyn-19-1229x1536.jpg 1229w, https:\/\/www.osteosanders.be\/wp-content\/uploads\/2021\/11\/Gwendolyn-19-1638x2048.jpg 1638w\" sizes=\"auto, (max-width: 2048px) 100vw, 2048px\" \/><\/figure><div class=\"wp-block-media-text__content\">\n<ul class=\"wp-block-list\"><li>Douleur de la ceinture pelvienne (mieux connue sous le nom d&#8217;instabilit\u00e9 pelvienne)<\/li><li>R\u00e9tention d&#8217;eau<\/li><li>Probl\u00e8mes digestifs\u00a0: reflux gastrique, naus\u00e9es, troubles intestinaux<\/li><li>Mal de dos<\/li><li>Maux de t\u00eate<\/li><li>Douleurs cervicales<\/li><li>Douleurs due aux irradiations<\/li><li>\u2026<\/li><\/ul>\n<\/div><\/div>\n\n\n\n<p><\/p>\n\n\n\n<p><strong>Ost\u00e9opathie en cas de mauvaise pr\u00e9sentation<\/strong><\/p>\n\n\n\n<p>Si, par contre, in utero votre b\u00e9b\u00e9 se trouve dans une position autre que la pr\u00e9sentation c\u00e9phalique (par exemple : position transverse, pr\u00e9sentation si\u00e8ge), l&#8217;ost\u00e9opathe peut intervenir en rendant toutes les structures autour de l&#8217;ut\u00e9rus aussi souples, \u00e9lastiques et sym\u00e9triques que possible. Il n&#8217;est pas question qu&#8217;un ost\u00e9opathe fasse tourner un b\u00e9b\u00e9 directement (cela ne se fait qu&#8217;\u00e0 l&#8217;h\u00f4pital sous la supervision de m\u00e9decins et d&#8217;\u00e9chographie), mais lorsque le b\u00e9b\u00e9 a plus d&#8217;espace parce que les pertes de mouvement dans le bassin ont \u00e9t\u00e9 trait\u00e9es, il y a plus de chances que le b\u00e9b\u00e9 se tourne\u00a0 spontan\u00e9ment.<\/p>\n\n\n\n<p><strong>Quand traiter ?<\/strong><\/p>\n\n\n\n<p>En principe, le traitement peut avoir lieu \u00e0 partir de la 12<sup>e<\/sup>&nbsp;semaine de grossesse jusqu&#8217;\u00e0 la fin de la grossesse. Les premi\u00e8res semaines de la grossesse sont les semaines les plus vuln\u00e9rables et une p\u00e9riode de changements hormonaux importants. Apr\u00e8s 12 semaines, l&#8217;hormone de grossesse HCG diminue progressivement et la femme entre dans une p\u00e9riode plus stable. Si vous souffrez de douleurs cervicales au tout d\u00e9but de votre grossesse, un traitement ost\u00e9opathique peut bien entendu avoir lieu.<\/p>\n\n\n\n<p>En tant qu&#8217;ost\u00e9opathe, nous nous efforcerons toujours d&#8217;optimiser l&#8217;\u00e9quilibre du corps de la femme enceinte. S&#8217;il y a des plaintes, nous recherchons la cause possible et commen\u00e7ons \u00e0 y travailler. Nous utilisons pour cela des techniques manuelles. Parce que les articulations sont consid\u00e9rablement plus l\u00e2ches pendant la grossesse, sous l&#8217;influence de l&#8217;hormone relaxine, entre autres, nous pouvons obtenir un grand r\u00e9sultat avec des techniques tr\u00e8s douces. Bien \u00e9videmment, nous optons pour des techniques sans danger pour la m\u00e8re et l&#8217;enfant.<\/p>\n\n\n\n<p>Savoir plus\u00a0? J&#8217;ai \u00e9crit un article de blog \u00e0 ce sujet, que vous trouverez \u00e0 l&#8217;adresse suivante (en Flamand) : <a href=\"https:\/\/happybabycoach.com\/osteopathie-tijdens-de-zwangerschap\/\">https:\/\/happybabycoach.com\/osteopathie-tijdens-de-zwangerschap\/<\/a> .\u00a0<\/p>\n","protected":false},"excerpt":{"rendered":"<p>Le mode de pens\u00e9e holistique de l&#8217;ost\u00e9opathie reste inchang\u00e9 lors du traitement d&#8217;une femme enceinte. On ne traite donc pas une structure, mais la femme enti\u00e8re, y compris le petit &#8230;<\/p>\n","protected":false},"author":1,"featured_media":0,"parent":0,"menu_order":0,"comment_status":"closed","ping_status":"closed","template":"template-fullwidth.php","meta":{"footnotes":""},"class_list":["post-1840","page","type-page","status-publish","hentry"],"_links":{"self":[{"href":"https:\/\/www.osteosanders.be\/index.php?rest_route=\/wp\/v2\/pages\/1840","targetHints":{"allow":["GET"]}}],"collection":[{"href":"https:\/\/www.osteosanders.be\/index.php?rest_route=\/wp\/v2\/pages"}],"about":[{"href":"https:\/\/www.osteosanders.be\/index.php?rest_route=\/wp\/v2\/types\/page"}],"author":[{"embeddable":true,"href":"https:\/\/www.osteosanders.be\/index.php?rest_route=\/wp\/v2\/users\/1"}],"replies":[{"embeddable":true,"href":"https:\/\/www.osteosanders.be\/index.php?rest_route=%2Fwp%2Fv2%2Fcomments&post=1840"}],"version-history":[{"count":2,"href":"https:\/\/www.osteosanders.be\/index.php?rest_route=\/wp\/v2\/pages\/1840\/revisions"}],"predecessor-version":[{"id":1842,"href":"https:\/\/www.osteosanders.be\/index.php?rest_route=\/wp\/v2\/pages\/1840\/revisions\/1842"}],"wp:attachment":[{"href":"https:\/\/www.osteosanders.be\/index.php?rest_route=%2Fwp%2Fv2%2Fmedia&parent=1840"}],"curies":[{"name":"wp","href":"https:\/\/api.w.org\/{rel}","templated":true}]}}