{"id":1847,"date":"2021-12-07T09:12:42","date_gmt":"2021-12-07T09:12:42","guid":{"rendered":"https:\/\/www.osteosanders.be\/?page_id=1847"},"modified":"2025-12-19T09:31:24","modified_gmt":"2025-12-19T09:31:24","slug":"comment-se-deroule-une-consultation","status":"publish","type":"page","link":"https:\/\/www.osteosanders.be\/?page_id=1847","title":{"rendered":"Comment se d\u00e9roule une consultation ?"},"content":{"rendered":"\n<ul class=\"wp-block-list\">\n<li>Anamn\u00e8se = interrogatoire dirig\u00e9&nbsp;<\/li>\n<\/ul>\n\n\n\n<p>Lors de la premi\u00e8re consultation, votre ost\u00e9opathe r\u00e9alisera une anamn\u00e8se d\u00e9taill\u00e9e (en n\u00e9erlandais) concernant la plainte, mais aussi les ant\u00e9c\u00e9dents (m\u00e9dicaux) du patient.<\/p>\n\n\n\n<ul class=\"wp-block-list\">\n<li>Examen&nbsp;<\/li>\n<\/ul>\n\n\n\n<p>Votre ost\u00e9opathe proc\u00e8dera ensuite \u00e0 l&#8217;examen de l&#8217;ensemble du corps. Il recherchera d&#8217;\u00e9ventuelles tensions au niveau des muscles, du tissu conjonctif ainsi que des pertes de mouvement au niveau du syst\u00e8me squelettique.&nbsp;<\/p>\n\n\n\n<p>L&#8217;examen et le traitement se font en sous-v\u00eatements. Si cela n&#8217;est pas confortable pour vous, vous pouvez apporter une tenue de sport (shorts ou leggings).&nbsp;<\/p>\n\n\n\n<ul class=\"wp-block-list\">\n<li>Traitement&nbsp;<\/li>\n<\/ul>\n\n\n\n<p>Les tensions\/pertes de mouvement seront trait\u00e9es pendant la s\u00e9ance au moyen d&#8217;un vaste arsenal de techniques (mobilisation, techniques faciales, manipulations, etc.) adapt\u00e9es \u00e0 la plainte, au patient et aux restrictions de mouvement constat\u00e9es.&nbsp;<\/p>\n\n\n\n<p>Le nombre de traitements est tr\u00e8s difficile \u00e0 pr\u00e9voir. Cela d\u00e9pend de la nature de la plainte, variant d&#8217;un patient \u00e0 l&#8217;autre. Lors de chaque traitement, les sympt\u00f4mes sont \u00e9valu\u00e9s et il est d\u00e9termin\u00e9 si un traitement de suivi doit \u00eatre programm\u00e9.&nbsp;<\/p>\n\n\n\n<p>L&#8217;examen et le traitement se font en sous-v\u00eatements. Si cela n&#8217;est pas confortable pour vous, vous pouvez apporter des shorts de sport ou des leggings.<\/p>\n\n\n\n<ul class=\"wp-block-list\">\n<li>Remboursement&nbsp;<\/li>\n<\/ul>\n\n\n\n<p>Vous n&#8217;avez pas besoin d&#8217;une prescription d&#8217;un m\u00e9decin pour consulter un ost\u00e9opathe. Au terme du traitement, vous recevrez une attestation que vous pourrez pr\u00e9senter \u00e0 votre caisse d&#8217;assurance maladie. En fonction de votre caisse d&#8217;assurance maladie, un certain montant vous sera rembours\u00e9.&nbsp;<\/p>\n\n\n\n<p>Une consultation dure une heure et co\u00fbte 65\u20ac.\u00a0<\/p>\n\n\n\n<ul class=\"wp-block-list\">\n<li>Prise de rendez-vous&nbsp;<\/li>\n<\/ul>\n\n\n\n<p>Afin de ne pas perturber les traitements et de maintenir la continuit\u00e9 des soins, je ne r\u00e9ponds pas au t\u00e9l\u00e9phone durant les consultations. Vous pouvez toujours laisser un message (nom, num\u00e9ro de t\u00e9l\u00e9phone, motif) et je vous rappellerai d\u00e8s que possible.&nbsp;<\/p>\n\n\n\n<p>V\u00e9rifiez votre bo\u00eete de r\u00e9ception ou vos spams lorsque vous prenez un rendez-vous en ligne. Vous devez toujours recevoir un e-mail de confirmation. Si ce n&#8217;est pas le cas, cela signifie que votre rendez-vous n&#8217;a pas \u00e9t\u00e9 enregistr\u00e9. Veuillez r\u00e9essayer ou prenez rendez-vous par t\u00e9l\u00e9phone.&nbsp;<\/p>\n\n\n\n<p>Annulation ? Veuillez annuler votre rendez-vous en ligne 24 heures \u00e0 l&#8217;avance (vous pouvez le faire en cliquant sur le bouton d&#8217;annulation dans l&#8217;e-mail de confirmation) ou en nous appelant. Si vous n&#8217;annulez pas, la s\u00e9ance enti\u00e8re vous sera factur\u00e9e.<\/p>\n","protected":false},"excerpt":{"rendered":"<p>Lors de la premi\u00e8re consultation, votre ost\u00e9opathe r\u00e9alisera une anamn\u00e8se d\u00e9taill\u00e9e (en n\u00e9erlandais) concernant la plainte, mais aussi les ant\u00e9c\u00e9dents (m\u00e9dicaux) du patient. Votre ost\u00e9opathe proc\u00e8dera ensuite \u00e0 l&#8217;examen de &#8230;<\/p>\n","protected":false},"author":1,"featured_media":0,"parent":0,"menu_order":0,"comment_status":"closed","ping_status":"closed","template":"template-fullwidth.php","meta":{"footnotes":""},"class_list":["post-1847","page","type-page","status-publish","hentry"],"_links":{"self":[{"href":"https:\/\/www.osteosanders.be\/index.php?rest_route=\/wp\/v2\/pages\/1847","targetHints":{"allow":["GET"]}}],"collection":[{"href":"https:\/\/www.osteosanders.be\/index.php?rest_route=\/wp\/v2\/pages"}],"about":[{"href":"https:\/\/www.osteosanders.be\/index.php?rest_route=\/wp\/v2\/types\/page"}],"author":[{"embeddable":true,"href":"https:\/\/www.osteosanders.be\/index.php?rest_route=\/wp\/v2\/users\/1"}],"replies":[{"embeddable":true,"href":"https:\/\/www.osteosanders.be\/index.php?rest_route=%2Fwp%2Fv2%2Fcomments&post=1847"}],"version-history":[{"count":4,"href":"https:\/\/www.osteosanders.be\/index.php?rest_route=\/wp\/v2\/pages\/1847\/revisions"}],"predecessor-version":[{"id":2020,"href":"https:\/\/www.osteosanders.be\/index.php?rest_route=\/wp\/v2\/pages\/1847\/revisions\/2020"}],"wp:attachment":[{"href":"https:\/\/www.osteosanders.be\/index.php?rest_route=%2Fwp%2Fv2%2Fmedia&parent=1847"}],"curies":[{"name":"wp","href":"https:\/\/api.w.org\/{rel}","templated":true}]}}