{"id":1853,"date":"2021-12-07T09:21:37","date_gmt":"2021-12-07T09:21:37","guid":{"rendered":"https:\/\/www.osteosanders.be\/?page_id=1853"},"modified":"2025-12-19T09:46:09","modified_gmt":"2025-12-19T09:46:09","slug":"votre-osteopathe","status":"publish","type":"page","link":"https:\/\/www.osteosanders.be\/?page_id=1853","title":{"rendered":"Votre ost\u00e9opathe"},"content":{"rendered":"\n<div class=\"wp-block-media-text alignwide is-stacked-on-mobile is-image-fill-element\" style=\"grid-template-columns:38% auto\"><figure class=\"wp-block-media-text__media\"><img loading=\"lazy\" decoding=\"async\" width=\"683\" height=\"1024\" src=\"http:\/\/www.osteosanders.be\/wp-content\/uploads\/2021\/11\/Gwendolyn-6-683x1024.jpg\" alt=\"\" class=\"wp-image-1614 size-full\" style=\"object-position:50% 50%\" srcset=\"https:\/\/www.osteosanders.be\/wp-content\/uploads\/2021\/11\/Gwendolyn-6-683x1024.jpg 683w, https:\/\/www.osteosanders.be\/wp-content\/uploads\/2021\/11\/Gwendolyn-6-200x300.jpg 200w, https:\/\/www.osteosanders.be\/wp-content\/uploads\/2021\/11\/Gwendolyn-6-768x1151.jpg 768w, https:\/\/www.osteosanders.be\/wp-content\/uploads\/2021\/11\/Gwendolyn-6-1025x1536.jpg 1025w, https:\/\/www.osteosanders.be\/wp-content\/uploads\/2021\/11\/Gwendolyn-6-1366x2048.jpg 1366w, https:\/\/www.osteosanders.be\/wp-content\/uploads\/2021\/11\/Gwendolyn-6-scaled.jpg 1708w\" sizes=\"auto, (max-width: 683px) 100vw, 683px\" \/><\/figure><div class=\"wp-block-media-text__content\">\n<p>Aider et guider les personnes est ce que j&#8217;aime le plus faire. Le choix de s&#8217;orienter vers un emploi dans le secteur de la sant\u00e9 s&#8217;est donc rapidement impos\u00e9. En 2009, j&#8217;ai commenc\u00e9 avec enthousiasme ma formation de sage-femme, qui s&#8217;est achev\u00e9e par un stage de 10 semaines \u00e0 l&#8217;\u00e9tranger, \u00e0 Kigali (Rwanda).&nbsp;<br>Ma soif n&#8217;\u00e9tait toujours pas \u00e9tanch\u00e9e suite \u00e0 l&#8217;obtention de mon dipl\u00f4me de sage-femme, j&#8217;ai donc entam\u00e9 en 2012, pleine de motivation, une formation compl\u00e9mentaire en ost\u00e9opathie \u00e0 l&#8217;ULB d\u2019Anderlecht (Erasme).&nbsp;<br>De par mon exp\u00e9rience tant que sage-femme, ma passion porte surtout sur le traitement de la m\u00e8re et de l&#8217;enfant, c\u2019est pourquoi je poursuis ma formation en int\u00e9grant des cours suppl\u00e9mentaires sur ce sujet.<br>Une grossesse et un accouchement, ce n&#8217;est pas rien, tant pour la m\u00e8re que pour l&#8217;enfant. Durant la grossesse, le travail, l&#8217;accouchement et la p\u00e9riode postnatale, toutes sortes de facteurs peuvent influencer le b\u00e9b\u00e9. Tout cela peut entra\u00eener : des probl\u00e8mes de succion et de d\u00e9glutition, des reflux (cach\u00e9s),&nbsp;des probl\u00e8mes de sommeil, des pleurs, des postures pr\u00e9f\u00e9rentielles, des probl\u00e8mes intestinaux, etc.&nbsp;<br>Pendant le traitement de ces probl\u00e8mes, je trouve toujours important de ne pas consid\u00e9rer le nouveau-n\u00e9 comme une \u00ab mini \u00bb personne, car un b\u00e9b\u00e9 est plus complexe que cela. En tant qu&#8217;ost\u00e9opathe, nous disposons de connaissances et de comp\u00e9tences, mais nous agissons \u00e9galement comme un coach pour nos patients, que nous accompagnons dans les diff\u00e9rentes p\u00e9riodes de leur vie (par exemple : la grossesse, la p\u00e9riode postnatale, etc.).<\/p>\n<\/div><\/div>\n\n\n\n<p><\/p>\n\n\n\n<p>C&#8217;est fantastique de voir comment nous pouvons aider les nouveau-n\u00e9s de diff\u00e9rentes mani\u00e8res, et tout cela en coop\u00e9ration avec les coll\u00e8gues, les parents, les fr\u00e8res et\/ou s\u0153urs, les grands-parents, etc. Je pense qu&#8217;il est extr\u00eamement important d&#8217;impliquer \u00e9galement les autres membres de la famille dans tout le processus. En fournissant des conseils et des astuces, ils peuvent eux aussi contribuer \u00e0 faire ressortir le meilleur de nos traitements.<br>Les b\u00e9b\u00e9s ne sont pas les seuls \u00e0 m\u00e9riter notre attention, nous sommes \u00e9galement l\u00e0 pour les enfants et les adultes. Ce qui est formidable dans notre profession, c&#8217;est que nous pouvons aider les personnes manifestant diverses plaintes. En tant qu&#8217;ost\u00e9opathe, notre travail consiste \u00e0 rechercher la cause de la plainte, sachant qu&#8217;elle n&#8217;est pas toujours situ\u00e9e l\u00e0 o\u00f9 la douleur se pr\u00e9sente.&nbsp;Cette cause peut se situer au niveau du syst\u00e8me musculo-squelettique,&nbsp;mais aussi au niveau des organes, des \u00e9motions, du mode de vie, de la prise de m\u00e9dicaments, etc. Gr\u00e2ce \u00e0 notre mode de pens\u00e9e personnel et holistique, nous voyons le patient dans sa globalit\u00e9 et pas seulement dans sa plainte. Apr\u00e8s avoir travaill\u00e9 pendant 3 ans dans 2 cabinets de groupe (ACVO Oostmalle, Happy Baby coach et Osteoapthie Jullie Wallyn \u00e0 Overijse), j&#8217;ai choisi de cr\u00e9er mon propre cabinet.<br><br><br><em>Formations et cours<\/em><\/p>\n\n\n\n<ul class=\"wp-block-list\">\n<li>Sciences humaines : Sciences-Langues modernes (2003-2009) : Lyc\u00e9e Maria Asumpta, Laken&nbsp;<\/li>\n\n\n\n<li>Licence de sage-femme (2009-2012) : Coll\u00e8ge Erasmus, Jette<\/li>\n\n\n\n<li>Master+ compl\u00e9mentaire en ost\u00e9opathie (2012-2018) : Universit\u00e9 Libre de Bruxelles, Anderlecht.&nbsp;<\/li>\n\n\n\n<li>2018-2020<br>o Panta Rhei : 2 jarige postgraduate opleiding osteopathie bij kinderen.<\/li>\n\n\n\n<li>December 2018<br>o DAO-centrum : Simplified Kinesiologie<\/li>\n\n\n\n<li>Oktober 2020<br>o Still More : symposium plagiocephalie &amp; voorkeurshouding.<\/li>\n\n\n\n<li>November 2020<br>o Panta Rhei&nbsp;: Masterclass primaire reflexen met Laurie Kolfoort.<\/li>\n\n\n\n<li>2020-2021<br>o FICO \u2013 Osteopathy academy: pediatrie in de osteopathie: osteopathie bij baby\u2019s en kinderen jaar 1.<\/li>\n\n\n\n<li>April 2021<br>o Osteopathie.be : Congress Osteopathic medicine for the paediatric population.<\/li>\n\n\n\n<li>Juni 2021:<br>o Panta Rhei : The osteopathic approach to treating infants with tongue tie met Didde Thorsted.<\/li>\n\n\n\n<li>December 2021<br>o KPNI Belgi\u00eb : Congres van het kind (eerste 1000 dagen).<\/li>\n\n\n\n<li>April 2022<br>o Pantha Rhei : An Osteopathic approach to treatment of infants with GER\/GERD (\u201cREFLUX\u201d) met Didde Thorsted.<\/li>\n\n\n\n<li>Mei 2022<br>o IAO : PAM \u201cZwangerschap (week 36-40), optimum fetal positioning, bevalling en herkennen van moeilijk postnataal herstel.\u201d met Colette Peeters.<\/li>\n\n\n\n<li>Oktober 2022\n<ul class=\"wp-block-list\">\n<li>Centrum voor osteopathie: Osteopathy and obstetrics met Stephen Sandler.<\/li>\n<\/ul>\n<\/li>\n\n\n\n<li>Oktober 2022\n<ul class=\"wp-block-list\">\n<li>IAO: Asymmetrie bij baby\u2019s en kinderen met Alissa Picchioni.<\/li>\n<\/ul>\n<\/li>\n\n\n\n<li>Mei 2023\n<ul class=\"wp-block-list\">\n<li>Smart Education: Van babymassage tot actieve baby gymnastiek met Karen De Marie.<\/li>\n<\/ul>\n<\/li>\n\n\n\n<li>Juni 2023\n<ul class=\"wp-block-list\">\n<li>Still More: TMG en haar relaties met Luc Van Eupen.<\/li>\n<\/ul>\n<\/li>\n\n\n\n<li>December 2023\n<ul class=\"wp-block-list\">\n<li>IAO: De huilbaby en regulatiestoornissen met Binu Singh, Luc Roggen en Ingrid Willems.&nbsp;<\/li>\n<\/ul>\n<\/li>\n\n\n\n<li>Januari 2024\n<ul class=\"wp-block-list\">\n<li>IAO: Urogenitale en neruo- endocriene klachten bij het kind met Alissa Picchioni, Bieke Samijn en David Barrix.&nbsp;<\/li>\n<\/ul>\n<\/li>\n\n\n\n<li>Februari 2024\n<ul class=\"wp-block-list\">\n<li>Medicourse: Congres voor zorgverleners \u2013 voeding bij jonge kinderen.<\/li>\n<\/ul>\n<\/li>\n\n\n\n<li>September \u2013 oktober 2024\n<ul class=\"wp-block-list\">\n<li>Medicourse: Masterclass &#8216;Eiwithydrolysaten in kunstmelk&#8217; met Eline Tommelein.&nbsp;<\/li>\n<\/ul>\n<\/li>\n\n\n\n<li>December 2024\n<ul class=\"wp-block-list\">\n<li>Still More : Eczeem en huidklachten binnen de pediatrie.&nbsp;<\/li>\n<\/ul>\n<\/li>\n\n\n\n<li>April 2025\n<ul class=\"wp-block-list\">\n<li>Panta Rhei : Osteopathie en (borst)voedingsproblemen met Cindy de Nooijer (osteopate DO) en Loes Huissen (lactatiekundige) en Dr. Anna Dieleman (tandartse)<\/li>\n\n\n\n<li>Osteopathie.be: Huilbaby\u2019s met Dr. Oona Janssens<\/li>\n<\/ul>\n<\/li>\n\n\n\n<li>November 2025\n<ul class=\"wp-block-list\">\n<li>Panta Rhei: Osteopathic principles of Dr. Viola Frymann DO with Marc Deora DO<\/li>\n<\/ul>\n<\/li>\n<\/ul>\n\n\n\n<p><\/p>\n","protected":false},"excerpt":{"rendered":"<p>Aider et guider les personnes est ce que j&#8217;aime le plus faire. Le choix de s&#8217;orienter vers un emploi dans le secteur de la sant\u00e9 s&#8217;est donc rapidement impos\u00e9. En &#8230;<\/p>\n","protected":false},"author":1,"featured_media":0,"parent":0,"menu_order":0,"comment_status":"closed","ping_status":"closed","template":"template-fullwidth.php","meta":{"footnotes":""},"class_list":["post-1853","page","type-page","status-publish","hentry"],"_links":{"self":[{"href":"https:\/\/www.osteosanders.be\/index.php?rest_route=\/wp\/v2\/pages\/1853","targetHints":{"allow":["GET"]}}],"collection":[{"href":"https:\/\/www.osteosanders.be\/index.php?rest_route=\/wp\/v2\/pages"}],"about":[{"href":"https:\/\/www.osteosanders.be\/index.php?rest_route=\/wp\/v2\/types\/page"}],"author":[{"embeddable":true,"href":"https:\/\/www.osteosanders.be\/index.php?rest_route=\/wp\/v2\/users\/1"}],"replies":[{"embeddable":true,"href":"https:\/\/www.osteosanders.be\/index.php?rest_route=%2Fwp%2Fv2%2Fcomments&post=1853"}],"version-history":[{"count":8,"href":"https:\/\/www.osteosanders.be\/index.php?rest_route=\/wp\/v2\/pages\/1853\/revisions"}],"predecessor-version":[{"id":2023,"href":"https:\/\/www.osteosanders.be\/index.php?rest_route=\/wp\/v2\/pages\/1853\/revisions\/2023"}],"wp:attachment":[{"href":"https:\/\/www.osteosanders.be\/index.php?rest_route=%2Fwp%2Fv2%2Fmedia&parent=1853"}],"curies":[{"name":"wp","href":"https:\/\/api.w.org\/{rel}","templated":true}]}}